{"id":1230,"date":"2021-01-26T11:02:44","date_gmt":"2021-01-26T11:02:44","guid":{"rendered":"https:\/\/hortacasaportugal.com\/?page_id=1230"},"modified":"2021-01-26T11:02:46","modified_gmt":"2021-01-26T11:02:46","slug":"politica-de-privacidade","status":"publish","type":"page","link":"https:\/\/hortacasaportugal.com\/en\/politica-de-privacidade\/","title":{"rendered":"Privacy Policy"},"content":{"rendered":"<p><strong>Privacy Policy - GDPR<\/strong><\/p>\n\n\n\n<p>This privacy policy covers the hortacasaportugal.com website. This Policy is intended to make Customers aware of the general rules for the processing of personal data, which are collected and processed in strict respect and compliance with the provisions of the personal data protection legislation in force at any time, namely the Regulation (EU ) 2016\/679 of the European Parliament and of the Council, of April 27, 2016 (\u201cGDPR\u201d).<\/p>\n\n\n\n<p>Our company respects the Customer&#039;s privacy and processes their personal data in accordance with the laws in force. The data will not be processed for any purposes other than those specified here, reserving the right to update or modify the Privacy Policy at any time, namely in order to adapt it to legislative changes<\/p>\n\n\n\n<p><strong>For what purposes is the User&#039;s personal data collected?<\/strong><\/p>\n\n\n\n<p>The data collected in the forms on the website are intended exclusively for processing Customers&#039; requests for information and contact, namely data such as name, address, telephone number and email address and will not be used for any other processing. This information is under no circumstances provided to third parties, it is solely intended to serve you better. This will be used exclusively for following up on contacts made with you and for marketing and advertising activities.<\/p>\n\n\n\n<p><strong>Who has access to the User&#039;s personal data and who is responsible for data processing?<\/strong><\/p>\n\n\n\n<p>Our company does not disclose any personal data of its Customers to third parties without their consent, except when required by law, and it is our responsibility to process the user&#039;s personal data.<\/p>\n\n\n\n<p>If the holder of the personal data needs to contact the data controller, he can do so through our email <a href=\"mailto:info@hortacasaportugal.com\">info@hortacasaportugal.com<\/a>.<\/p>\n\n\n\n<p><strong>Where are User data stored?<\/strong><\/p>\n\n\n\n<p>Our customers&#039; data are automatically stored on a secure server located in Portugal, being stored in specific databases created for this purpose. These servers are protected and maintained in accordance with the highest security standards and in compliance with applicable privacy laws. If you wish to be removed from our database, you can exercise this right by contacting us through the various means available on the website.<\/p>\n\n\n\n<p><strong>How long do we keep your personal data?<\/strong><\/p>\n\n\n\n<p>The period of time during which personal data is stored and maintained varies according to the purpose for which the information is processed. Safeguarding legal requirements, the data will be stored and kept only for the minimum period necessary for the pursuit of the purposes that motivated its collection or its subsequent processing, under the terms defined by law.<\/p>\n\n\n\n<p><strong>What are the Customer&#039;s rights?<\/strong><\/p>\n\n\n\n<p>As holders of personal data, Customers are guaranteed, at any time, the right to access, rectify, update, limit and erase their personal data (except when the data is indispensable for the provision of services and compliance with legal obligations), the right to oppose their use for commercial purposes and to withdraw consent, and the right to data portability.<\/p>\n\n\n\n<p><strong>How can you access, rectify, update, limit, delete, oppose the processing of your personal data, or withdraw consent?<\/strong><\/p>\n\n\n\n<p>Without prejudice to the provisions of the RGPD, the holder of the personal data may do so upon written request to the email <a href=\"mailto:info@hortacasaportugal.com\">info@hortacasaportugal.com<\/a>.<\/p>","protected":false},"excerpt":{"rendered":"<p>Pol\u00edtica de Privacidade \u2013 RGPD A presente pol\u00edtica de privacidade abrange o website hortacasaportugal.com. Nesta Pol\u00edtica pretende-se dar a conhecer aos Clientes das regras gerais de tratamento de dados pessoais, os quais s\u00e3o recolhidos e tratados no estrito respeito e cumprimento do disposto na legisla\u00e7\u00e3o de prote\u00e7\u00e3o de dados pessoais em vigor em cada momento, [&hellip;]<\/p>\n","protected":false},"author":1,"featured_media":0,"parent":0,"menu_order":0,"comment_status":"closed","ping_status":"closed","template":"elementor_canvas","meta":{"footnotes":""},"class_list":["post-1230","page","type-page","status-publish","hentry"],"aioseo_notices":[],"yoast_head":"<!-- This site is optimized with the Yoast SEO plugin v27.4 - https:\/\/yoast.com\/product\/yoast-seo-wordpress\/ -->\n<title>Pol\u00edtica de Privacidade - Hortacasa Portugal<\/title>\n<meta name=\"robots\" content=\"index, follow, max-snippet:-1, max-image-preview:large, max-video-preview:-1\" \/>\n<link rel=\"canonical\" href=\"https:\/\/hortacasaportugal.com\/en\/politica-de-privacidade\/\" \/>\n<meta property=\"og:locale\" content=\"en_GB\" \/>\n<meta property=\"og:type\" content=\"article\" \/>\n<meta property=\"og:title\" content=\"Pol\u00edtica de Privacidade - Hortacasa Portugal\" \/>\n<meta property=\"og:description\" content=\"Pol\u00edtica de Privacidade \u2013 RGPD A presente pol\u00edtica de privacidade abrange o website hortacasaportugal.com. Nesta Pol\u00edtica pretende-se dar a conhecer aos Clientes das regras gerais de tratamento de dados pessoais, os quais s\u00e3o recolhidos e tratados no estrito respeito e cumprimento do disposto na legisla\u00e7\u00e3o de prote\u00e7\u00e3o de dados pessoais em vigor em cada momento, [&hellip;]\" \/>\n<meta property=\"og:url\" content=\"https:\/\/hortacasaportugal.com\/en\/politica-de-privacidade\/\" \/>\n<meta property=\"og:site_name\" content=\"Hortacasa Portugal\" \/>\n<meta property=\"article:modified_time\" content=\"2021-01-26T11:02:46+00:00\" \/>\n<meta name=\"twitter:card\" content=\"summary_large_image\" \/>\n<meta name=\"twitter:label1\" content=\"Estimated reading time\" \/>\n\t<meta name=\"twitter:data1\" content=\"3 minutes\" \/>\n<script type=\"application\/ld+json\" class=\"yoast-schema-graph\">{\"@context\":\"https:\\\/\\\/schema.org\",\"@graph\":[{\"@type\":\"WebPage\",\"@id\":\"https:\\\/\\\/hortacasaportugal.com\\\/politica-de-privacidade\\\/\",\"url\":\"https:\\\/\\\/hortacasaportugal.com\\\/politica-de-privacidade\\\/\",\"name\":\"Pol\u00edtica de Privacidade - Hortacasa Portugal\",\"isPartOf\":{\"@id\":\"https:\\\/\\\/hortacasaportugal.com\\\/#website\"},\"datePublished\":\"2021-01-26T11:02:44+00:00\",\"dateModified\":\"2021-01-26T11:02:46+00:00\",\"breadcrumb\":{\"@id\":\"https:\\\/\\\/hortacasaportugal.com\\\/politica-de-privacidade\\\/#breadcrumb\"},\"inLanguage\":\"en-GB\",\"potentialAction\":[{\"@type\":\"ReadAction\",\"target\":[\"https:\\\/\\\/hortacasaportugal.com\\\/politica-de-privacidade\\\/\"]}]},{\"@type\":\"BreadcrumbList\",\"@id\":\"https:\\\/\\\/hortacasaportugal.com\\\/politica-de-privacidade\\\/#breadcrumb\",\"itemListElement\":[{\"@type\":\"ListItem\",\"position\":1,\"name\":\"In\u00edcio\",\"item\":\"https:\\\/\\\/hortacasaportugal.com\\\/\"},{\"@type\":\"ListItem\",\"position\":2,\"name\":\"Pol\u00edtica de Privacidade\"}]},{\"@type\":\"WebSite\",\"@id\":\"https:\\\/\\\/hortacasaportugal.com\\\/#website\",\"url\":\"https:\\\/\\\/hortacasaportugal.com\\\/\",\"name\":\"Hortacasa Portugal\",\"description\":\"Alojamento Local\",\"publisher\":{\"@id\":\"https:\\\/\\\/hortacasaportugal.com\\\/#organization\"},\"potentialAction\":[{\"@type\":\"SearchAction\",\"target\":{\"@type\":\"EntryPoint\",\"urlTemplate\":\"https:\\\/\\\/hortacasaportugal.com\\\/?s={search_term_string}\"},\"query-input\":{\"@type\":\"PropertyValueSpecification\",\"valueRequired\":true,\"valueName\":\"search_term_string\"}}],\"inLanguage\":\"en-GB\"},{\"@type\":\"Organization\",\"@id\":\"https:\\\/\\\/hortacasaportugal.com\\\/#organization\",\"name\":\"Hortacasa Portugal\",\"url\":\"https:\\\/\\\/hortacasaportugal.com\\\/\",\"logo\":{\"@type\":\"ImageObject\",\"inLanguage\":\"en-GB\",\"@id\":\"https:\\\/\\\/hortacasaportugal.com\\\/#\\\/schema\\\/logo\\\/image\\\/\",\"url\":\"https:\\\/\\\/hortacasaportugal.com\\\/wp-content\\\/uploads\\\/2022\\\/03\\\/cropped-logo_hortacasa_2022-09.png\",\"contentUrl\":\"https:\\\/\\\/hortacasaportugal.com\\\/wp-content\\\/uploads\\\/2022\\\/03\\\/cropped-logo_hortacasa_2022-09.png\",\"width\":5245,\"height\":1500,\"caption\":\"Hortacasa Portugal\"},\"image\":{\"@id\":\"https:\\\/\\\/hortacasaportugal.com\\\/#\\\/schema\\\/logo\\\/image\\\/\"}}]}<\/script>\n<!-- \/ Yoast SEO plugin. -->","yoast_head_json":{"title":"Pol\u00edtica de Privacidade - Hortacasa Portugal","robots":{"index":"index","follow":"follow","max-snippet":"max-snippet:-1","max-image-preview":"max-image-preview:large","max-video-preview":"max-video-preview:-1"},"canonical":"https:\/\/hortacasaportugal.com\/en\/politica-de-privacidade\/","og_locale":"en_GB","og_type":"article","og_title":"Pol\u00edtica de Privacidade - Hortacasa Portugal","og_description":"Pol\u00edtica de Privacidade \u2013 RGPD A presente pol\u00edtica de privacidade abrange o website hortacasaportugal.com. Nesta Pol\u00edtica pretende-se dar a conhecer aos Clientes das regras gerais de tratamento de dados pessoais, os quais s\u00e3o recolhidos e tratados no estrito respeito e cumprimento do disposto na legisla\u00e7\u00e3o de prote\u00e7\u00e3o de dados pessoais em vigor em cada momento, [&hellip;]","og_url":"https:\/\/hortacasaportugal.com\/en\/politica-de-privacidade\/","og_site_name":"Hortacasa Portugal","article_modified_time":"2021-01-26T11:02:46+00:00","twitter_card":"summary_large_image","twitter_misc":{"Estimated reading time":"3 minutes"},"schema":{"@context":"https:\/\/schema.org","@graph":[{"@type":"WebPage","@id":"https:\/\/hortacasaportugal.com\/politica-de-privacidade\/","url":"https:\/\/hortacasaportugal.com\/politica-de-privacidade\/","name":"Pol\u00edtica de Privacidade - Hortacasa Portugal","isPartOf":{"@id":"https:\/\/hortacasaportugal.com\/#website"},"datePublished":"2021-01-26T11:02:44+00:00","dateModified":"2021-01-26T11:02:46+00:00","breadcrumb":{"@id":"https:\/\/hortacasaportugal.com\/politica-de-privacidade\/#breadcrumb"},"inLanguage":"en-GB","potentialAction":[{"@type":"ReadAction","target":["https:\/\/hortacasaportugal.com\/politica-de-privacidade\/"]}]},{"@type":"BreadcrumbList","@id":"https:\/\/hortacasaportugal.com\/politica-de-privacidade\/#breadcrumb","itemListElement":[{"@type":"ListItem","position":1,"name":"In\u00edcio","item":"https:\/\/hortacasaportugal.com\/"},{"@type":"ListItem","position":2,"name":"Pol\u00edtica de Privacidade"}]},{"@type":"WebSite","@id":"https:\/\/hortacasaportugal.com\/#website","url":"https:\/\/hortacasaportugal.com\/","name":"Hortacasa Portugal","description":"Alojamento Local","publisher":{"@id":"https:\/\/hortacasaportugal.com\/#organization"},"potentialAction":[{"@type":"SearchAction","target":{"@type":"EntryPoint","urlTemplate":"https:\/\/hortacasaportugal.com\/?s={search_term_string}"},"query-input":{"@type":"PropertyValueSpecification","valueRequired":true,"valueName":"search_term_string"}}],"inLanguage":"en-GB"},{"@type":"Organization","@id":"https:\/\/hortacasaportugal.com\/#organization","name":"Hortacasa Portugal","url":"https:\/\/hortacasaportugal.com\/","logo":{"@type":"ImageObject","inLanguage":"en-GB","@id":"https:\/\/hortacasaportugal.com\/#\/schema\/logo\/image\/","url":"https:\/\/hortacasaportugal.com\/wp-content\/uploads\/2022\/03\/cropped-logo_hortacasa_2022-09.png","contentUrl":"https:\/\/hortacasaportugal.com\/wp-content\/uploads\/2022\/03\/cropped-logo_hortacasa_2022-09.png","width":5245,"height":1500,"caption":"Hortacasa Portugal"},"image":{"@id":"https:\/\/hortacasaportugal.com\/#\/schema\/logo\/image\/"}}]}},"_links":{"self":[{"href":"https:\/\/hortacasaportugal.com\/en\/wp-json\/wp\/v2\/pages\/1230","targetHints":{"allow":["GET"]}}],"collection":[{"href":"https:\/\/hortacasaportugal.com\/en\/wp-json\/wp\/v2\/pages"}],"about":[{"href":"https:\/\/hortacasaportugal.com\/en\/wp-json\/wp\/v2\/types\/page"}],"author":[{"embeddable":true,"href":"https:\/\/hortacasaportugal.com\/en\/wp-json\/wp\/v2\/users\/1"}],"replies":[{"embeddable":true,"href":"https:\/\/hortacasaportugal.com\/en\/wp-json\/wp\/v2\/comments?post=1230"}],"version-history":[{"count":1,"href":"https:\/\/hortacasaportugal.com\/en\/wp-json\/wp\/v2\/pages\/1230\/revisions"}],"predecessor-version":[{"id":1231,"href":"https:\/\/hortacasaportugal.com\/en\/wp-json\/wp\/v2\/pages\/1230\/revisions\/1231"}],"wp:attachment":[{"href":"https:\/\/hortacasaportugal.com\/en\/wp-json\/wp\/v2\/media?parent=1230"}],"curies":[{"name":"wp","href":"https:\/\/api.w.org\/{rel}","templated":true}]}}